{"id":2,"date":"2018-04-27T18:29:52","date_gmt":"2018-04-27T18:29:52","guid":{"rendered":"https:\/\/pgesafetyeducation.com\/contractor\/?page_id=2"},"modified":"2025-07-08T17:27:20","modified_gmt":"2025-07-08T17:27:20","slug":"sample-page","status":"publish","type":"page","link":"https:\/\/pgesafetyeducation.com\/contractor\/","title":{"rendered":"Homepage"},"content":{"rendered":"<p><div class=\"fusion-fullwidth fullwidth-box fusion-builder-row-1 nonhundred-percent-fullwidth non-hundred-percent-height-scrolling\" style=\"--awb-border-radius-top-left:0px;--awb-border-radius-top-right:0px;--awb-border-radius-bottom-right:0px;--awb-border-radius-bottom-left:0px;--awb-margin-top:20px;--awb-flex-wrap:wrap;\" ><div class=\"fusion-builder-row fusion-row\"><div class=\"fusion-layout-column fusion_builder_column fusion-builder-column-0 fusion_builder_column_1_2 1_2 fusion-one-half fusion-column-first\" style=\"--awb-bg-size:cover;--awb-margin-bottom:60px;width:50%;width:calc(50% - ( ( 60px ) * 0.5 ) );margin-right: 60px;\"><div class=\"fusion-column-wrapper fusion-flex-column-wrapper-legacy\"><div class=\"fusion-image-element fusion-image-align-right in-legacy-container\" style=\"text-align:right;--awb-caption-title-font-family:var(--h2_typography-font-family);--awb-caption-title-font-weight:var(--h2_typography-font-weight);--awb-caption-title-font-style:var(--h2_typography-font-style);--awb-caption-title-size:var(--h2_typography-font-size);--awb-caption-title-transform:var(--h2_typography-text-transform);--awb-caption-title-line-height:var(--h2_typography-line-height);--awb-caption-title-letter-spacing:var(--h2_typography-letter-spacing);\"><span class=\" fusion-imageframe imageframe-none imageframe-1 hover-type-none\" style=\"margin-left:25px;float:right;\"><a class=\"fusion-no-lightbox\" href=\"https:\/\/pgesafetyeducation.com\/contractor\/dig-safely-electricity-natural-gas\/\" target=\"_self\" aria-label=\"WB dig safely 1clmn module 680&#215;393\"><img decoding=\"async\" width=\"600\" height=\"393\" alt=\"WB dig safely 1clmn module 680x393\" src=\"https:\/\/pgesafetyeducation.com\/contractor\/wp-content\/uploads\/2022\/03\/WB_dig_safely_1clmn_module_680x393.png\" class=\"img-responsive wp-image-3700\" srcset=\"https:\/\/pgesafetyeducation.com\/contractor\/wp-content\/uploads\/2022\/03\/WB_dig_safely_1clmn_module_680x393-200x131.png 200w, https:\/\/pgesafetyeducation.com\/contractor\/wp-content\/uploads\/2022\/03\/WB_dig_safely_1clmn_module_680x393-400x262.png 400w, https:\/\/pgesafetyeducation.com\/contractor\/wp-content\/uploads\/2022\/03\/WB_dig_safely_1clmn_module_680x393.png 600w\" sizes=\"(max-width: 800px) 100vw, 600px\" \/><\/a><\/span><\/div><div class=\"fusion-clearfix\"><\/div><\/div><\/div><div class=\"fusion-layout-column fusion_builder_column fusion-builder-column-1 fusion_builder_column_1_2 1_2 fusion-one-half fusion-column-last\" style=\"--awb-bg-size:cover;--awb-margin-bottom:60px;width:50%;width:calc(50% - ( ( 60px ) * 0.5 ) );\"><div class=\"fusion-column-wrapper fusion-flex-column-wrapper-legacy\"><div class=\"fusion-image-element fusion-image-align-left in-legacy-container\" style=\"text-align:left;--awb-caption-title-font-family:var(--h2_typography-font-family);--awb-caption-title-font-weight:var(--h2_typography-font-weight);--awb-caption-title-font-style:var(--h2_typography-font-style);--awb-caption-title-size:var(--h2_typography-font-size);--awb-caption-title-transform:var(--h2_typography-text-transform);--awb-caption-title-line-height:var(--h2_typography-line-height);--awb-caption-title-letter-spacing:var(--h2_typography-letter-spacing);\"><span class=\" fusion-imageframe imageframe-none imageframe-2 hover-type-none\" style=\"margin-right:25px;float:left;\"><a class=\"fusion-no-lightbox\" href=\"https:\/\/pgesafetyeducation.com\/contractor\/look-up-and-live\/\" target=\"_self\" aria-label=\"WB look up and live 1clmn module 680&#215;393\"><img decoding=\"async\" width=\"600\" height=\"393\" alt=\"WB look up and live 1clmn module 680x393\" src=\"https:\/\/pgesafetyeducation.com\/contractor\/wp-content\/uploads\/2022\/03\/WB_look_up_and_live_1clmn_module_680x393.png\" class=\"img-responsive wp-image-3701\" srcset=\"https:\/\/pgesafetyeducation.com\/contractor\/wp-content\/uploads\/2022\/03\/WB_look_up_and_live_1clmn_module_680x393-200x131.png 200w, https:\/\/pgesafetyeducation.com\/contractor\/wp-content\/uploads\/2022\/03\/WB_look_up_and_live_1clmn_module_680x393-400x262.png 400w, https:\/\/pgesafetyeducation.com\/contractor\/wp-content\/uploads\/2022\/03\/WB_look_up_and_live_1clmn_module_680x393.png 600w\" sizes=\"(max-width: 800px) 100vw, 600px\" \/><\/a><\/span><\/div><div class=\"fusion-clearfix\"><\/div><\/div><\/div><div class=\"fusion-layout-column fusion_builder_column fusion-builder-column-2 fusion_builder_column_1_2 1_2 fusion-one-half fusion-column-first\" style=\"--awb-bg-size:cover;--awb-margin-bottom:60px;width:50%;width:calc(50% - ( ( 60px ) * 0.5 ) );margin-right: 60px;\"><div class=\"fusion-column-wrapper fusion-flex-column-wrapper-legacy\"><div class=\"fusion-image-element fusion-image-align-right in-legacy-container\" style=\"text-align:right;--awb-caption-title-font-family:var(--h2_typography-font-family);--awb-caption-title-font-weight:var(--h2_typography-font-weight);--awb-caption-title-font-style:var(--h2_typography-font-style);--awb-caption-title-size:var(--h2_typography-font-size);--awb-caption-title-transform:var(--h2_typography-text-transform);--awb-caption-title-line-height:var(--h2_typography-line-height);--awb-caption-title-letter-spacing:var(--h2_typography-letter-spacing);\"><span class=\" fusion-imageframe imageframe-none imageframe-3 hover-type-none\" style=\"margin-left:25px;float:right;\"><a class=\"fusion-no-lightbox\" href=\"https:\/\/pgesafetyeducation.com\/contractor\/slide-shows-electric-natural-gas\/\" target=\"_self\" aria-label=\"WB slide show 1clmn module 680&#215;393\"><img decoding=\"async\" width=\"600\" height=\"393\" alt=\"WB slide show 1clmn module 680x393\" src=\"https:\/\/pgesafetyeducation.com\/contractor\/wp-content\/uploads\/2020\/04\/WB_slide_show_1clmn_module_680x393.png\" class=\"img-responsive wp-image-2630\" srcset=\"https:\/\/pgesafetyeducation.com\/contractor\/wp-content\/uploads\/2020\/04\/WB_slide_show_1clmn_module_680x393-200x131.png 200w, https:\/\/pgesafetyeducation.com\/contractor\/wp-content\/uploads\/2020\/04\/WB_slide_show_1clmn_module_680x393-400x262.png 400w, https:\/\/pgesafetyeducation.com\/contractor\/wp-content\/uploads\/2020\/04\/WB_slide_show_1clmn_module_680x393.png 600w\" sizes=\"(max-width: 800px) 100vw, 600px\" \/><\/a><\/span><\/div><div class=\"fusion-clearfix\"><\/div><\/div><\/div><div class=\"fusion-layout-column fusion_builder_column fusion-builder-column-3 fusion_builder_column_1_2 1_2 fusion-one-half fusion-column-last\" style=\"--awb-bg-size:cover;--awb-margin-bottom:60px;width:50%;width:calc(50% - ( ( 60px ) * 0.5 ) );\"><div class=\"fusion-column-wrapper fusion-flex-column-wrapper-legacy\"><div class=\"fusion-image-element fusion-image-align-left in-legacy-container\" style=\"text-align:left;--awb-caption-title-font-family:var(--h2_typography-font-family);--awb-caption-title-font-weight:var(--h2_typography-font-weight);--awb-caption-title-font-style:var(--h2_typography-font-style);--awb-caption-title-size:var(--h2_typography-font-size);--awb-caption-title-transform:var(--h2_typography-text-transform);--awb-caption-title-line-height:var(--h2_typography-line-height);--awb-caption-title-letter-spacing:var(--h2_typography-letter-spacing);\"><span class=\" fusion-imageframe imageframe-none imageframe-4 hover-type-none\" style=\"margin-right:25px;float:left;\"><a class=\"fusion-no-lightbox\" href=\"https:\/\/pgesafetyeducation.com\/contractor\/trainers-guides\/\" target=\"_self\" aria-label=\"WB trainers guide 1clmn module 680&#215;393\"><img decoding=\"async\" width=\"600\" height=\"393\" alt=\"WB trainers guide 1clmn module 680x393\" src=\"https:\/\/pgesafetyeducation.com\/contractor\/wp-content\/uploads\/2020\/04\/WB_trainers_guide_1clmn_module_680x393.png\" class=\"img-responsive wp-image-2631\" srcset=\"https:\/\/pgesafetyeducation.com\/contractor\/wp-content\/uploads\/2020\/04\/WB_trainers_guide_1clmn_module_680x393-200x131.png 200w, https:\/\/pgesafetyeducation.com\/contractor\/wp-content\/uploads\/2020\/04\/WB_trainers_guide_1clmn_module_680x393-400x262.png 400w, https:\/\/pgesafetyeducation.com\/contractor\/wp-content\/uploads\/2020\/04\/WB_trainers_guide_1clmn_module_680x393.png 600w\" sizes=\"(max-width: 800px) 100vw, 600px\" \/><\/a><\/span><\/div><div class=\"fusion-clearfix\"><\/div><\/div><\/div><div class=\"fusion-layout-column fusion_builder_column fusion-builder-column-4 fusion_builder_column_1_2 1_2 fusion-one-half fusion-column-first\" style=\"--awb-bg-size:cover;--awb-margin-bottom:40px;width:50%;width:calc(50% - ( ( 60px ) * 0.5 ) );margin-right: 60px;\"><div class=\"fusion-column-wrapper fusion-flex-column-wrapper-legacy\"><div class=\"fusion-image-element fusion-image-align-right in-legacy-container\" style=\"text-align:right;--awb-caption-title-font-family:var(--h2_typography-font-family);--awb-caption-title-font-weight:var(--h2_typography-font-weight);--awb-caption-title-font-style:var(--h2_typography-font-style);--awb-caption-title-size:var(--h2_typography-font-size);--awb-caption-title-transform:var(--h2_typography-text-transform);--awb-caption-title-line-height:var(--h2_typography-line-height);--awb-caption-title-letter-spacing:var(--h2_typography-letter-spacing);\"><span class=\" fusion-imageframe imageframe-none imageframe-5 hover-type-none\" style=\"margin-left:25px;float:right;\"><a class=\"fusion-no-lightbox\" href=\"https:\/\/pgesafetyeducation.com\/contractor\/69171-electricity-natural-gas-safety-case-studies\/\" target=\"_self\" aria-label=\"WB case studies 1clmn module 680&#215;393 v1\"><img decoding=\"async\" width=\"600\" height=\"393\" alt=\"WB case studies 1clmn module 680x393 v1\" src=\"https:\/\/pgesafetyeducation.com\/contractor\/wp-content\/uploads\/2022\/03\/WB_case_studies_1clmn_module_680x393_v1.png\" class=\"img-responsive wp-image-3702\" srcset=\"https:\/\/pgesafetyeducation.com\/contractor\/wp-content\/uploads\/2022\/03\/WB_case_studies_1clmn_module_680x393_v1-200x131.png 200w, https:\/\/pgesafetyeducation.com\/contractor\/wp-content\/uploads\/2022\/03\/WB_case_studies_1clmn_module_680x393_v1-400x262.png 400w, https:\/\/pgesafetyeducation.com\/contractor\/wp-content\/uploads\/2022\/03\/WB_case_studies_1clmn_module_680x393_v1.png 600w\" sizes=\"(max-width: 800px) 100vw, 600px\" \/><\/a><\/span><\/div><div class=\"fusion-clearfix\"><\/div><\/div><\/div><div class=\"fusion-layout-column fusion_builder_column fusion-builder-column-5 fusion_builder_column_1_2 1_2 fusion-one-half fusion-column-last\" style=\"--awb-padding-bottom:60px;--awb-bg-size:cover;width:50%;width:calc(50% - ( ( 60px ) * 0.5 ) );\"><div class=\"fusion-column-wrapper fusion-flex-column-wrapper-legacy\"><div class=\"fusion-image-element fusion-image-align-left in-legacy-container\" style=\"text-align:left;--awb-caption-title-font-family:var(--h2_typography-font-family);--awb-caption-title-font-weight:var(--h2_typography-font-weight);--awb-caption-title-font-style:var(--h2_typography-font-style);--awb-caption-title-size:var(--h2_typography-font-size);--awb-caption-title-transform:var(--h2_typography-text-transform);--awb-caption-title-line-height:var(--h2_typography-line-height);--awb-caption-title-letter-spacing:var(--h2_typography-letter-spacing);\"><span class=\" fusion-imageframe imageframe-none imageframe-6 hover-type-none\" style=\"margin-right:25px;float:left;\"><a class=\"fusion-no-lightbox\" href=\"https:\/\/pgesafetyeducation.com\/contractor\/training-quiz-electricity-natural-gas\/\" target=\"_self\" aria-label=\"WB training quiz worker 1clmn module 680&#215;393\"><img decoding=\"async\" width=\"600\" height=\"393\" alt=\"WB training quiz worker 1clmn module 680x393\" src=\"https:\/\/pgesafetyeducation.com\/contractor\/wp-content\/uploads\/2022\/03\/WB_training_quiz_worker_1clmn_module_680x393.png\" class=\"img-responsive wp-image-3703\" srcset=\"https:\/\/pgesafetyeducation.com\/contractor\/wp-content\/uploads\/2022\/03\/WB_training_quiz_worker_1clmn_module_680x393-200x131.png 200w, https:\/\/pgesafetyeducation.com\/contractor\/wp-content\/uploads\/2022\/03\/WB_training_quiz_worker_1clmn_module_680x393-400x262.png 400w, https:\/\/pgesafetyeducation.com\/contractor\/wp-content\/uploads\/2022\/03\/WB_training_quiz_worker_1clmn_module_680x393.png 600w\" sizes=\"(max-width: 800px) 100vw, 600px\" \/><\/a><\/span><\/div><div class=\"fusion-clearfix\"><\/div><\/div><\/div><\/div><\/div><div class=\"fusion-fullwidth fullwidth-box fusion-builder-row-2 nonhundred-percent-fullwidth non-hundred-percent-height-scrolling fusion-equal-height-columns\" style=\"--awb-border-radius-top-left:0px;--awb-border-radius-top-right:0px;--awb-border-radius-bottom-right:0px;--awb-border-radius-bottom-left:0px;--awb-padding-top:30px;--awb-padding-right:0px;--awb-padding-bottom:30px;--awb-padding-left:0px;--awb-margin-top:30px;--awb-margin-bottom:0px;--awb-background-color:rgba(162,170,173,0.25);--awb-flex-wrap:wrap;\" ><div class=\"fusion-builder-row fusion-row\"><div class=\"fusion-layout-column fusion_builder_column fusion-builder-column-6 fusion_builder_column_1_6 1_6 fusion-one-sixth fusion-column-first\" style=\"--awb-bg-size:cover;width:16.666666666667%;width:calc(16.666666666667% - ( ( 4% + 4% + 4% ) * 0.16666666666667 ) );margin-right: 4%;\"><div class=\"fusion-column-wrapper fusion-column-has-shadow fusion-flex-column-wrapper-legacy\"><div class=\"fusion-clearfix\"><\/div><\/div><\/div><div class=\"fusion-layout-column fusion_builder_column fusion-builder-column-7 fusion_builder_column_1_3 1_3 fusion-one-third\" style=\"--awb-padding-top:20px;--awb-padding-bottom:30px;--awb-bg-color:#ffffff;--awb-bg-color-hover:#ffffff;--awb-bg-size:cover;width:33.333333333333%;width:calc(33.333333333333% - ( ( 4% + 4% + 4% ) * 0.33333333333333 ) );margin-right: 4%;\"><div class=\"fusion-column-wrapper fusion-flex-column-wrapper-legacy\"><div class=\"fusion-image-element fusion-image-align-center in-legacy-container\" style=\"text-align:center;--awb-liftup-border-radius:0px;--awb-caption-title-font-family:var(--h2_typography-font-family);--awb-caption-title-font-weight:var(--h2_typography-font-weight);--awb-caption-title-font-style:var(--h2_typography-font-style);--awb-caption-title-size:var(--h2_typography-font-size);--awb-caption-title-transform:var(--h2_typography-text-transform);--awb-caption-title-line-height:var(--h2_typography-line-height);--awb-caption-title-letter-spacing:var(--h2_typography-letter-spacing);\"><div class=\"imageframe-align-center\"><div class=\"awb-image-frame awb-image-frame-7 imageframe-liftup\"><span class=\" fusion-imageframe imageframe-none imageframe-7\"><a class=\"fusion-no-lightbox\" href=\"https:\/\/pgesafetyeducation.com\/contractor\/worker-beware-in-english-and-spanish\/\" target=\"_self\" aria-label=\"wb video en\"><img decoding=\"async\" width=\"243\" height=\"174\" alt=\"wb video en\" src=\"https:\/\/pgesafetyeducation.com\/contractor\/wp-content\/uploads\/2019\/06\/wb_video_en.png\" class=\"img-responsive wp-image-1784\" srcset=\"https:\/\/pgesafetyeducation.com\/contractor\/wp-content\/uploads\/2019\/06\/wb_video_en-200x143.png 200w, https:\/\/pgesafetyeducation.com\/contractor\/wp-content\/uploads\/2019\/06\/wb_video_en.png 243w\" sizes=\"(max-width: 800px) 100vw, 243px\" \/><\/a><\/span><\/div><\/div><\/div><div class=\"fusion-text fusion-text-1\" style=\"--awb-text-transform:none;\"><div style=\"padding: 10px;\">\n<h1 style=\"text-align: center; font-size: 22px;\"><a href=\"https:\/\/pgesafetyeducation.com\/contractor\/worker-beware-in-english-and-spanish\/\">Worker Beware<\/a><\/h1>\n<p style=\"text-align: center; line-height: 1.5;\">Learn how to stay safe around natural gas lines and overhead and underground electric lines. Real workers and accident survivors teach how to avoid devastating accidents, damages, and liability.<\/p>\n<ul>\n<li>Electrical &amp; Natural Gas<br \/>\nSafety Basics<\/li>\n<li>Digging &amp; Excavating<\/li>\n<li>Ladders &amp; Long Tools<\/li>\n<li>Cranes &amp; Heavy Equipment<\/li>\n<\/ul>\n<\/div>\n<\/div><div class=\"fusion-aligncenter\"><a class=\"fusion-button button-flat button-large button-default fusion-button-default button-1 fusion-button-span-no fusion-button-default-type\" target=\"_self\" href=\"https:\/\/pgesafetyeducation.com\/contractor\/worker-beware-in-english-and-spanish\/\"><span class=\"fusion-button-text awb-button__text awb-button__text--default\">Watch videos<\/span><i class=\" fa fa-play awb-button__icon awb-button__icon--default button-icon-right\" aria-hidden=\"true\"><\/i><\/a><\/div><div class=\"fusion-clearfix\"><\/div><\/div><\/div><div class=\"fusion-layout-column fusion_builder_column fusion-builder-column-8 fusion_builder_column_1_3 1_3 fusion-one-third\" style=\"--awb-padding-top:20px;--awb-padding-right:10px;--awb-padding-bottom:30px;--awb-padding-left:10px;--awb-bg-color:#ffffff;--awb-bg-color-hover:#ffffff;--awb-bg-size:cover;--awb-border-color:#62878e;--awb-border-top:0;--awb-border-right:0;--awb-border-bottom:0;--awb-border-left:0;--awb-border-style:solid;width:33.333333333333%;width:calc(33.333333333333% - ( ( 4% + 4% + 4% ) * 0.33333333333333 ) );margin-right: 4%;\"><div class=\"fusion-column-wrapper fusion-flex-column-wrapper-legacy\"><div class=\"fusion-column-content-centered\"><div class=\"fusion-column-content\"><div class=\"fusion-image-element fusion-image-align-center in-legacy-container\" style=\"text-align:center;--awb-liftup-border-radius:0px;--awb-caption-title-font-family:var(--h2_typography-font-family);--awb-caption-title-font-weight:var(--h2_typography-font-weight);--awb-caption-title-font-style:var(--h2_typography-font-style);--awb-caption-title-size:var(--h2_typography-font-size);--awb-caption-title-transform:var(--h2_typography-text-transform);--awb-caption-title-line-height:var(--h2_typography-line-height);--awb-caption-title-letter-spacing:var(--h2_typography-letter-spacing);\"><div class=\"imageframe-align-center\"><div class=\"awb-image-frame awb-image-frame-8 imageframe-liftup\"><span class=\" fusion-imageframe imageframe-none imageframe-8\"><a class=\"fusion-no-lightbox\" href=\"https:\/\/pgesafetyeducation.com\/contractor\/worker-beware-in-english-and-spanish\/\" target=\"_self\" aria-label=\"wb video sp 1\"><img decoding=\"async\" width=\"243\" height=\"174\" alt=\"wb video sp 1\" src=\"https:\/\/pgesafetyeducation.com\/contractor\/wp-content\/uploads\/2019\/06\/wb_video_sp-1.png\" class=\"img-responsive wp-image-1826\" srcset=\"https:\/\/pgesafetyeducation.com\/contractor\/wp-content\/uploads\/2019\/06\/wb_video_sp-1-200x143.png 200w, https:\/\/pgesafetyeducation.com\/contractor\/wp-content\/uploads\/2019\/06\/wb_video_sp-1.png 243w\" sizes=\"(max-width: 800px) 100vw, 243px\" \/><\/a><\/span><\/div><\/div><\/div><div class=\"fusion-text fusion-text-2\" style=\"--awb-text-transform:none;\"><div style=\"padding: 10px;\">\n<h1 style=\"text-align: center; font-size: 22px;\"><a href=\"https:\/\/pgesafetyeducation.com\/contractor\/worker-beware-in-english-and-spanish\/\"><span style=\"white-space: nowrap;\">Trabajador est\u00e9 alerta<\/span><\/a><\/h1>\n<p style=\"text-align: center; line-height: 1.5;\">Aprenda a trabajar sin riesgos cerca de tuber\u00edas de gas natural y de l\u00edneas el\u00e9ctricas a\u00e9reas y subterr\u00e1neas. Un grupo de trabajadores reales y sobrevivientes de accidentes le ense\u00f1ar\u00e1n qu\u00e9 hacer para evitar accidentes devastadores, da\u00f1os y responsabilidad civil.<\/p>\n<ul>\n<li>Seguridad b\u00e1sica al trabajar con electricidad y gas<\/li>\n<li>Perforacion y excavaci\u00f3n<\/li>\n<li>Escaleras y herramientas de extensi\u00f3n<\/li>\n<li>Gruas y equipo pesado<\/li>\n<\/ul>\n<\/div>\n<\/div><div class=\"fusion-aligncenter\"><a class=\"fusion-button button-flat button-large button-default fusion-button-default button-2 fusion-button-span-no fusion-button-default-type\" target=\"_self\" href=\"https:\/\/pgesafetyeducation.com\/contractor\/worker-beware-in-english-and-spanish\/#tab-4a27c1b4b7dba62bbe5\"><span class=\"fusion-button-text awb-button__text awb-button__text--default\">Ver videos<\/span><i class=\"fa-play fas awb-button__icon awb-button__icon--default button-icon-right\" aria-hidden=\"true\"><\/i><\/a><\/div><\/div><\/div><div class=\"fusion-clearfix\"><\/div><\/div><\/div><div class=\"fusion-layout-column fusion_builder_column fusion-builder-column-9 fusion_builder_column_1_6 1_6 fusion-one-sixth fusion-column-last\" style=\"--awb-bg-size:cover;width:16.666666666667%;width:calc(16.666666666667% - ( ( 4% + 4% + 4% ) * 0.16666666666667 ) );\"><div class=\"fusion-column-wrapper fusion-column-has-shadow fusion-flex-column-wrapper-legacy\"><div class=\"fusion-clearfix\"><\/div><\/div><\/div><\/div><\/div><div class=\"fusion-fullwidth fullwidth-box fusion-builder-row-3 nonhundred-percent-fullwidth non-hundred-percent-height-scrolling\" style=\"--awb-border-radius-top-left:0px;--awb-border-radius-top-right:0px;--awb-border-radius-bottom-right:0px;--awb-border-radius-bottom-left:0px;--awb-flex-wrap:wrap;\" ><div class=\"fusion-builder-row fusion-row\"><\/div><\/div><\/p>\n","protected":false},"excerpt":{"rendered":"","protected":false},"author":3,"featured_media":0,"parent":0,"menu_order":0,"comment_status":"closed","ping_status":"closed","template":"100-width.php","meta":{"footnotes":""},"class_list":["post-2","page","type-page","status-publish","hentry"],"_links":{"self":[{"href":"https:\/\/pgesafetyeducation.com\/contractor\/wp-json\/wp\/v2\/pages\/2","targetHints":{"allow":["GET"]}}],"collection":[{"href":"https:\/\/pgesafetyeducation.com\/contractor\/wp-json\/wp\/v2\/pages"}],"about":[{"href":"https:\/\/pgesafetyeducation.com\/contractor\/wp-json\/wp\/v2\/types\/page"}],"author":[{"embeddable":true,"href":"https:\/\/pgesafetyeducation.com\/contractor\/wp-json\/wp\/v2\/users\/3"}],"replies":[{"embeddable":true,"href":"https:\/\/pgesafetyeducation.com\/contractor\/wp-json\/wp\/v2\/comments?post=2"}],"version-history":[{"count":282,"href":"https:\/\/pgesafetyeducation.com\/contractor\/wp-json\/wp\/v2\/pages\/2\/revisions"}],"predecessor-version":[{"id":4050,"href":"https:\/\/pgesafetyeducation.com\/contractor\/wp-json\/wp\/v2\/pages\/2\/revisions\/4050"}],"wp:attachment":[{"href":"https:\/\/pgesafetyeducation.com\/contractor\/wp-json\/wp\/v2\/media?parent=2"}],"curies":[{"name":"wp","href":"https:\/\/api.w.org\/{rel}","templated":true}]}}