{"id":1141,"date":"2019-02-17T22:04:25","date_gmt":"2019-02-17T22:04:25","guid":{"rendered":"https:\/\/pgesafetyeducation.com\/contractor\/?page_id=1141"},"modified":"2025-07-08T17:22:16","modified_gmt":"2025-07-08T17:22:16","slug":"slide-shows-electric-natural-gas","status":"publish","type":"page","link":"https:\/\/pgesafetyeducation.com\/contractor\/slide-shows-electric-natural-gas\/","title":{"rendered":"Slide shows Electric &#038; Natural Gas"},"content":{"rendered":"<p><div class=\"fusion-fullwidth fullwidth-box fusion-builder-row-1 nonhundred-percent-fullwidth non-hundred-percent-height-scrolling\" style=\"--awb-border-radius-top-left:0px;--awb-border-radius-top-right:0px;--awb-border-radius-bottom-right:0px;--awb-border-radius-bottom-left:0px;--awb-flex-wrap:wrap;\" ><div class=\"fusion-builder-row fusion-row\"><div class=\"fusion-layout-column fusion_builder_column fusion-builder-column-0 fusion_builder_column_1_2 1_2 fusion-one-half fusion-column-first\" style=\"--awb-bg-size:cover;width:50%;width:calc(50% - ( ( 4% ) * 0.5 ) );margin-right: 4%;\"><div class=\"fusion-column-wrapper fusion-flex-column-wrapper-legacy\"><div class=\"fusion-text fusion-text-1\" style=\"--awb-text-transform:none;\"><h1>Slide show and presenter\u2019s notes<\/h1>\n<p>Our interactive training tools give you everything you need to teach and learn about working safely near electric and natural gas utility lines.<\/p>\n<h2><strong>Slide show<\/strong><\/h2>\n<p>A 15-minute presentation of critical safety tips.<\/p>\n<ul>\n<li><a href=\"https:\/\/pgesafetyeducation.com\/contractor\/wp-content\/uploads\/2024\/09\/53110_PGE_WB_presentation_cmb_en_1023.pdf\" target=\"_blank\" rel=\"noopener\" download=\"\">Click here to download<\/a><\/li>\n<li><a href=\"https:\/\/pgesafetyeducation.com\/contractor\/wp-content\/uploads\/2024\/09\/53110_PGE_WB_presentation_cmb_en_1023.pdf\" target=\"_blank\" rel=\"noopener\">Click here to view<\/a><\/li>\n<\/ul>\n<h2><strong>Slide show presenter\u2019s notes<\/strong><\/h2>\n<p>Talking points to support use of the slide show in a safety training.<\/p>\n<ul>\n<li><a href=\"https:\/\/pgesafetyeducation.com\/contractor\/wp-content\/uploads\/2024\/09\/53110_PGE_WB_PN_presenters-notes_en_1023.pdf\" target=\"_blank\" rel=\"noopener\" download=\"\">Click here to download<\/a><\/li>\n<li><a href=\"https:\/\/pgesafetyeducation.com\/contractor\/wp-content\/uploads\/2024\/09\/53110_PGE_WB_PN_presenters-notes_en_1023.pdf\" target=\"_blank\" rel=\"noopener\">Click here to view<\/a><\/li>\n<\/ul>\n<div class=\"fusion-sep-clear\"><\/div><div class=\"fusion-separator fusion-full-width-sep\" style=\"margin-left: auto;margin-right: auto;margin-bottom:12px;width:100%;\"><\/div><div class=\"fusion-sep-clear\"><\/div>\n<\/div><div class=\"fusion-clearfix\"><\/div><\/div><\/div><div class=\"fusion-layout-column fusion_builder_column fusion-builder-column-1 fusion_builder_column_1_2 1_2 fusion-one-half fusion-column-last\" style=\"--awb-bg-size:cover;width:50%;width:calc(50% - ( ( 4% ) * 0.5 ) );\"><div class=\"fusion-column-wrapper fusion-flex-column-wrapper-legacy\"><div class=\"fusion-text fusion-text-2\" style=\"--awb-text-transform:none;\"><h1>Presentaciones de diapositivas y notas del instructor<\/h1>\n<p>Nuestras herramientas de capacitaci\u00f3n interactivas brindan todo lo que se necesita para ense\u00f1ar y aprender a trabajar de forma segura cerca de las l\u00edneas el\u00e9ctricas y las tuber\u00edas de gas natural.<\/p>\n<h2><strong>Presentaci\u00f3n de diapositivas<\/strong><\/h2>\n<p>Una presentaci\u00f3n de 15 minutos con consejos importantes sobre seguridad.<\/p>\n<ul>\n<li><a href=\"https:\/\/pgesafetyeducation.com\/contractor\/wp-content\/uploads\/2024\/09\/53120_PGE_WB_presentacion_cmb_sp_1023.pdf\" target=\"_blank\" rel=\"noopener\" download=\"\">Haga clic aqu\u00ed para descargar<\/a><\/li>\n<li><a href=\"https:\/\/pgesafetyeducation.com\/contractor\/wp-content\/uploads\/2024\/09\/53120_PGE_WB_presentacion_cmb_sp_1023.pdf\" target=\"_blank\" rel=\"noopener\">Haga clic aqu\u00ed para ver<\/a><\/li>\n<\/ul>\n<h2><strong>Notas del instructor para la presentaci\u00f3n de diapositivas<\/strong><\/h2>\n<p>Temas de debate como apoyo para el uso de las diapositivas en la capacitaci\u00f3n sobre seguridad.<\/p>\n<ul>\n<li><a href=\"https:\/\/pgesafetyeducation.com\/contractor\/wp-content\/uploads\/2024\/09\/53120_PGE_WB_notas-del-instructor_cmb_sp_1023.pdf\" target=\"_blank\" rel=\"noopener\" download=\"\">Haga clic aqu\u00ed para descargar<\/a><\/li>\n<li><a href=\"https:\/\/pgesafetyeducation.com\/contractor\/wp-content\/uploads\/2024\/09\/53120_PGE_WB_notas-del-instructor_cmb_sp_1023.pdf\" target=\"_blank\" rel=\"noopener\">Haga clic aqu\u00ed para ver<\/a><\/li>\n<\/ul>\n<div class=\"fusion-sep-clear\"><\/div><div class=\"fusion-separator fusion-full-width-sep\" style=\"margin-left: auto;margin-right: auto;margin-bottom:12px;width:100%;\"><\/div><div class=\"fusion-sep-clear\"><\/div>\n<\/div><div class=\"fusion-clearfix\"><\/div><\/div><\/div><div class=\"fusion-layout-column fusion_builder_column fusion-builder-column-2 fusion_builder_column_1_2 1_2 fusion-one-half fusion-column-first\" style=\"--awb-bg-size:cover;width:50%;width:calc(50% - ( ( 4% ) * 0.5 ) );margin-right: 4%;\"><div class=\"fusion-column-wrapper fusion-flex-column-wrapper-legacy\"><div class=\"fusion-clearfix\"><\/div><\/div><\/div><\/div><\/div><div class=\"fusion-fullwidth fullwidth-box fusion-builder-row-2 nonhundred-percent-fullwidth non-hundred-percent-height-scrolling\" style=\"--awb-border-radius-top-left:0px;--awb-border-radius-top-right:0px;--awb-border-radius-bottom-right:0px;--awb-border-radius-bottom-left:0px;--awb-flex-wrap:wrap;\" ><div class=\"fusion-builder-row fusion-row\"><div class=\"fusion-layout-column fusion_builder_column fusion-builder-column-3 fusion_builder_column_1_1 1_1 fusion-one-full fusion-column-first fusion-column-last\" style=\"--awb-bg-size:cover;\"><div class=\"fusion-column-wrapper fusion-flex-column-wrapper-legacy\"><div class=\"fusion-clearfix\"><\/div><\/div><\/div><\/div><\/div><\/p>\n","protected":false},"excerpt":{"rendered":"","protected":false},"author":13,"featured_media":0,"parent":0,"menu_order":0,"comment_status":"closed","ping_status":"closed","template":"","meta":{"footnotes":""},"class_list":["post-1141","page","type-page","status-publish","hentry"],"_links":{"self":[{"href":"https:\/\/pgesafetyeducation.com\/contractor\/wp-json\/wp\/v2\/pages\/1141","targetHints":{"allow":["GET"]}}],"collection":[{"href":"https:\/\/pgesafetyeducation.com\/contractor\/wp-json\/wp\/v2\/pages"}],"about":[{"href":"https:\/\/pgesafetyeducation.com\/contractor\/wp-json\/wp\/v2\/types\/page"}],"author":[{"embeddable":true,"href":"https:\/\/pgesafetyeducation.com\/contractor\/wp-json\/wp\/v2\/users\/13"}],"replies":[{"embeddable":true,"href":"https:\/\/pgesafetyeducation.com\/contractor\/wp-json\/wp\/v2\/comments?post=1141"}],"version-history":[{"count":48,"href":"https:\/\/pgesafetyeducation.com\/contractor\/wp-json\/wp\/v2\/pages\/1141\/revisions"}],"predecessor-version":[{"id":3945,"href":"https:\/\/pgesafetyeducation.com\/contractor\/wp-json\/wp\/v2\/pages\/1141\/revisions\/3945"}],"wp:attachment":[{"href":"https:\/\/pgesafetyeducation.com\/contractor\/wp-json\/wp\/v2\/media?parent=1141"}],"curies":[{"name":"wp","href":"https:\/\/api.w.org\/{rel}","templated":true}]}}